{"id":86,"date":"2023-12-08T15:23:03","date_gmt":"2023-12-08T14:23:03","guid":{"rendered":"https:\/\/simagora.org\/?page_id=86"},"modified":"2025-03-25T16:18:10","modified_gmt":"2025-03-25T15:18:10","slug":"a-propos","status":"publish","type":"page","link":"https:\/\/simagora.org\/index.php\/a-propos\/","title":{"rendered":"\u00c0 propos"},"content":{"rendered":"\n<div class=\"wp-block-group alignfull has-accent-2-background-color has-background has-global-padding is-layout-constrained wp-container-core-group-is-layout-669513ed wp-block-group-is-layout-constrained\" style=\"margin-top:0;margin-bottom:0;padding-top:var(--wp--preset--spacing--50);padding-right:var(--wp--preset--spacing--50);padding-bottom:var(--wp--preset--spacing--50);padding-left:var(--wp--preset--spacing--50)\">\n<div class=\"wp-block-columns alignwide is-layout-flex wp-container-core-columns-is-layout-28f84493 wp-block-columns-is-layout-flex\">\n<div class=\"wp-block-column is-layout-flow wp-block-column-is-layout-flow\" style=\"flex-basis:40%\">\n<h3 class=\"wp-block-heading\" id=\"ateliers-ludo\">Les Ateliers Ludosophiques<\/h3>\n\n\n\n<figure class=\"wp-block-image size-full wp-duotone-duotone-2\"><a href=\"https:\/\/www.ateliers-ludosophiques.org\/\"><img loading=\"lazy\" decoding=\"async\" width=\"220\" height=\"148\" src=\"http:\/\/simagora.org\/wp-content\/uploads\/2023\/12\/cropped-dessin-3_svg_-1-1.webp\" alt=\"\" class=\"wp-image-51\"\/><\/a><\/figure>\n\n\n\n<p><a href=\"https:\/\/www.ateliers-ludosophiques.org\">https:\/\/www.ateliers-ludosophiques.org<\/a><\/p>\n<\/div>\n\n\n\n<div class=\"wp-block-column is-layout-flow wp-block-column-is-layout-flow\" style=\"flex-basis:60%\">\n<p>L&rsquo;association Les Ateliers Ludosophiques est \u00e0 l&rsquo;origine du projet SIM&rsquo;Agora.<\/p>\n\n\n\n<p>Cr\u00e9\u00e9e en 2016 et bas\u00e9e \u00e0 Montpellier, l\u2019association est un laboratoire d\u2019exploration et d\u2019exp\u00e9rimentation des interactions entre l\u2019univers du jeu et le monde de la philosophie. Elle cherche \u00e0 d\u00e9velopper une compr\u00e9hension philosophique du jeu et une approche ludique de la philosophie. Ses actions sont orient\u00e9es vers la conception, l\u2019\u00e9tude et l&rsquo;animation d\u2019outils et de dispositifs ludosophiques \u00e0 destination de diff\u00e9rents publics.<\/p>\n\n\n\n<p>Ludosophie!&nbsp;Oui mais encore? La ludosophie est une nouvelle approche qui tente&nbsp;de mettre en avant le potentiel p\u00e9dagogique des jeux pour apprendre \u00e0 d\u00e9velopper une pratique philosophique originale. Mais il ne s\u2019agit pas seulement de mettre le jeu au service de la philosophie&nbsp;: la ludosophie s\u2019envisage \u00e9galement comme une exploration philosophique et cr\u00e9ative de l\u2019univers du jeu.<\/p>\n<\/div>\n<\/div>\n\n\n\n<div style=\"height:var(--wp--preset--spacing--40)\" aria-hidden=\"true\" class=\"wp-block-spacer\"><\/div>\n\n\n\n<figure class=\"wp-block-image alignwide size-large is-style-rounded wp-duotone-duotone-2 is-style-rounded--1\" style=\"margin-top:0;margin-bottom:0\"><img loading=\"lazy\" decoding=\"async\" width=\"1024\" height=\"768\" src=\"https:\/\/simagora.org\/wp-content\/uploads\/2025\/03\/Photo-1-1024x768.jpg\" alt=\"\" class=\"wp-image-133\" srcset=\"https:\/\/simagora.org\/wp-content\/uploads\/2025\/03\/Photo-1-1024x768.jpg 1024w, https:\/\/simagora.org\/wp-content\/uploads\/2025\/03\/Photo-1-300x225.jpg 300w, https:\/\/simagora.org\/wp-content\/uploads\/2025\/03\/Photo-1-768x576.jpg 768w, https:\/\/simagora.org\/wp-content\/uploads\/2025\/03\/Photo-1-1536x1152.jpg 1536w, https:\/\/simagora.org\/wp-content\/uploads\/2025\/03\/Photo-1-2048x1536.jpg 2048w\" sizes=\"auto, (max-width: 1024px) 100vw, 1024px\" \/><\/figure>\n<\/div>\n\n\n\n<div class=\"wp-block-group alignfull has-base-background-color has-background has-global-padding is-layout-constrained wp-container-core-group-is-layout-d89aad35 wp-block-group-is-layout-constrained\" style=\"margin-top:0;margin-bottom:0;padding-top:var(--wp--preset--spacing--50);padding-right:var(--wp--preset--spacing--50);padding-bottom:var(--wp--preset--spacing--50);padding-left:var(--wp--preset--spacing--50)\">\n<div class=\"wp-block-columns alignwide is-layout-flex wp-container-core-columns-is-layout-549b0c86 wp-block-columns-is-layout-flex\">\n<div class=\"wp-block-column has-global-padding is-content-justification-left is-layout-constrained wp-container-core-column-is-layout-4f15e8fe wp-block-column-is-layout-constrained\" style=\"flex-basis:40%\">\n<figure class=\"wp-block-image size-large wp-duotone-unset-2\"><img loading=\"lazy\" decoding=\"async\" width=\"1024\" height=\"465\" src=\"http:\/\/simagora.org\/wp-content\/uploads\/2023\/11\/logo_Edu-Up-1024x465.png\" alt=\"\" class=\"wp-image-129\" srcset=\"https:\/\/simagora.org\/wp-content\/uploads\/2023\/11\/logo_Edu-Up-1024x465.png 1024w, https:\/\/simagora.org\/wp-content\/uploads\/2023\/11\/logo_Edu-Up-300x136.png 300w, https:\/\/simagora.org\/wp-content\/uploads\/2023\/11\/logo_Edu-Up-768x349.png 768w, https:\/\/simagora.org\/wp-content\/uploads\/2023\/11\/logo_Edu-Up.png 1190w\" sizes=\"auto, (max-width: 1024px) 100vw, 1024px\" \/><\/figure>\n<\/div>\n\n\n\n<div class=\"wp-block-column is-layout-flow wp-container-core-column-is-layout-119bc444 wp-block-column-is-layout-flow\" style=\"flex-basis:60%\">\n<p class=\"has-heading-font-family has-x-large-font-size\" style=\"line-height:1.2\">SIM&rsquo;Agora est un projet financ\u00e9 par le dispositif Edu-up<\/p>\n\n\n\n<div class=\"wp-block-columns is-layout-flex wp-container-core-columns-is-layout-87beb0d0 wp-block-columns-is-layout-flex\">\n<div class=\"wp-block-column is-layout-flow wp-block-column-is-layout-flow\">\n<p>La direction du num\u00e9rique pour l\u2019\u00e9ducation a con\u00e7u un dispositif de soutien \u00e0 la production de ressources num\u00e9riques pour l\u2019\u00c9cole (RNE). L<\/p>\n\n\n\n<p>SIM&rsquo;Agora a \u00e9t\u00e9 financ\u00e9 dans le cadre du dispositif EDU&rsquo;UP. <\/p>\n<\/div>\n\n\n\n<div class=\"wp-block-column is-layout-flow wp-block-column-is-layout-flow\">\n<figure class=\"wp-block-image size-full wp-duotone-unset-3\"><img loading=\"lazy\" decoding=\"async\" width=\"872\" height=\"490\" src=\"http:\/\/simagora.org\/wp-content\/uploads\/2023\/11\/Logo-Soutien_MENJ.png\" alt=\"\" class=\"wp-image-130\" srcset=\"https:\/\/simagora.org\/wp-content\/uploads\/2023\/11\/Logo-Soutien_MENJ.png 872w, https:\/\/simagora.org\/wp-content\/uploads\/2023\/11\/Logo-Soutien_MENJ-300x169.png 300w, https:\/\/simagora.org\/wp-content\/uploads\/2023\/11\/Logo-Soutien_MENJ-768x432.png 768w\" sizes=\"auto, (max-width: 872px) 100vw, 872px\" \/><\/figure>\n<\/div>\n<\/div>\n<\/div>\n<\/div>\n<\/div>\n\n\n\n<div class=\"wp-block-cover alignfull has-parallax\" style=\"padding-top:var(--wp--preset--spacing--50);padding-right:var(--wp--preset--spacing--50);padding-bottom:var(--wp--preset--spacing--50);padding-left:var(--wp--preset--spacing--50);min-height:100vh;aspect-ratio:unset;\"><span aria-hidden=\"true\" class=\"wp-block-cover__background has-base-background-color has-background-dim-0 has-background-dim\"><\/span><div class=\"wp-block-cover__image-background wp-image-134 has-parallax\" style=\"background-position:50% 50%;background-image:url(http:\/\/simagora.org\/wp-content\/uploads\/2025\/03\/Photo-2-scaled.jpg)\"><\/div><div class=\"wp-block-cover__inner-container has-global-padding is-layout-constrained wp-container-core-cover-is-layout-e4fd886c wp-block-cover-is-layout-constrained\">\n<div style=\"height:500px\" aria-hidden=\"true\" class=\"wp-block-spacer\"><\/div>\n<\/div><\/div>\n\n\n\n<div class=\"wp-block-group alignfull has-base-2-background-color has-background has-global-padding is-layout-constrained wp-container-core-group-is-layout-7cd14b77 wp-block-group-is-layout-constrained\" style=\"margin-top:0;margin-bottom:0;padding-top:var(--wp--preset--spacing--60);padding-right:var(--wp--preset--spacing--60);padding-bottom:var(--wp--preset--spacing--60);padding-left:var(--wp--preset--spacing--60)\">\n<div class=\"wp-block-columns alignwide is-layout-flex wp-container-core-columns-is-layout-549b0c86 wp-block-columns-is-layout-flex\">\n<div class=\"wp-block-column has-global-padding is-content-justification-left is-layout-constrained wp-container-core-column-is-layout-4f15e8fe wp-block-column-is-layout-constrained\" style=\"flex-basis:40%\">\n<h3 class=\"wp-block-heading\" id=\"contacts\">Contacts<\/h3>\n<\/div>\n\n\n\n<div class=\"wp-block-column is-layout-flow wp-container-core-column-is-layout-119bc444 wp-block-column-is-layout-flow\" style=\"flex-basis:60%\">\n<p class=\"has-heading-font-family has-x-large-font-size\" style=\"line-height:1.2\">Formulaire de contact<\/p>\n\n\n\n<div class=\"wp-block-columns is-layout-flex wp-container-core-columns-is-layout-87beb0d0 wp-block-columns-is-layout-flex\">\n<div class=\"wp-block-column is-layout-flow wp-block-column-is-layout-flow\">\n<div class=\"wpcf7 no-js\" id=\"wpcf7-f104-o1\" lang=\"fr-FR\" dir=\"ltr\">\n<div class=\"screen-reader-response\"><p role=\"status\" aria-live=\"polite\" aria-atomic=\"true\"><\/p> <ul><\/ul><\/div>\n<form action=\"\/index.php\/wp-json\/wp\/v2\/pages\/86#wpcf7-f104-o1\" method=\"post\" class=\"wpcf7-form init\" aria-label=\"Formulaire de contact\" novalidate=\"novalidate\" data-status=\"init\">\n<div style=\"display: none;\">\n<input type=\"hidden\" name=\"_wpcf7\" value=\"104\" \/>\n<input type=\"hidden\" name=\"_wpcf7_version\" value=\"5.8.4\" \/>\n<input type=\"hidden\" name=\"_wpcf7_locale\" value=\"fr_FR\" \/>\n<input type=\"hidden\" name=\"_wpcf7_unit_tag\" value=\"wpcf7-f104-o1\" \/>\n<input type=\"hidden\" name=\"_wpcf7_container_post\" value=\"0\" \/>\n<input type=\"hidden\" name=\"_wpcf7_posted_data_hash\" value=\"\" \/>\n<\/div>\n<p><label> Votre nom<br \/>\n<span class=\"wpcf7-form-control-wrap\" data-name=\"your-name\"><input size=\"40\" class=\"wpcf7-form-control wpcf7-text wpcf7-validates-as-required\" autocomplete=\"name\" aria-required=\"true\" aria-invalid=\"false\" value=\"\" type=\"text\" name=\"your-name\" \/><\/span> <\/label>\n<\/p>\n<p><label> Votre e-mail<br \/>\n<span class=\"wpcf7-form-control-wrap\" data-name=\"your-email\"><input size=\"40\" class=\"wpcf7-form-control wpcf7-email wpcf7-validates-as-required wpcf7-text wpcf7-validates-as-email\" autocomplete=\"email\" aria-required=\"true\" aria-invalid=\"false\" value=\"\" type=\"email\" name=\"your-email\" \/><\/span> <\/label>\n<\/p>\n<p><label> Votre message<br \/>\n<span class=\"wpcf7-form-control-wrap\" data-name=\"your-message\"><textarea cols=\"40\" rows=\"10\" class=\"wpcf7-form-control wpcf7-textarea\" aria-invalid=\"false\" name=\"your-message\"><\/textarea><\/span> <\/label>\n<\/p>\n<p><input class=\"wpcf7-form-control wpcf7-submit has-spinner\" type=\"submit\" value=\"Envoyer\" \/>\n<\/p><div class=\"wpcf7-response-output\" aria-hidden=\"true\"><\/div>\n<\/form>\n<\/div>\n\n<\/div>\n\n\n\n<div class=\"wp-block-column is-layout-flow wp-block-column-is-layout-flow\"><\/div>\n<\/div>\n<\/div>\n<\/div>\n<\/div>\n","protected":false},"excerpt":{"rendered":"<p>Les Ateliers Ludosophiques https:\/\/www.ateliers-ludosophiques.org L&rsquo;association Les Ateliers Ludosophiques est \u00e0 l&rsquo;origine du projet SIM&rsquo;Agora. Cr\u00e9\u00e9e en 2016 et bas\u00e9e \u00e0 Montpellier, l\u2019association est un laboratoire d\u2019exploration et d\u2019exp\u00e9rimentation des interactions entre l\u2019univers du jeu et le monde de la philosophie. Elle cherche \u00e0 d\u00e9velopper une compr\u00e9hension philosophique du jeu et une approche ludique de la [&hellip;]<\/p>\n","protected":false},"author":1,"featured_media":0,"parent":0,"menu_order":0,"comment_status":"closed","ping_status":"closed","template":"","meta":{"footnotes":""},"class_list":["post-86","page","type-page","status-publish","hentry"],"_links":{"self":[{"href":"https:\/\/simagora.org\/index.php\/wp-json\/wp\/v2\/pages\/86","targetHints":{"allow":["GET"]}}],"collection":[{"href":"https:\/\/simagora.org\/index.php\/wp-json\/wp\/v2\/pages"}],"about":[{"href":"https:\/\/simagora.org\/index.php\/wp-json\/wp\/v2\/types\/page"}],"author":[{"embeddable":true,"href":"https:\/\/simagora.org\/index.php\/wp-json\/wp\/v2\/users\/1"}],"replies":[{"embeddable":true,"href":"https:\/\/simagora.org\/index.php\/wp-json\/wp\/v2\/comments?post=86"}],"version-history":[{"count":4,"href":"https:\/\/simagora.org\/index.php\/wp-json\/wp\/v2\/pages\/86\/revisions"}],"predecessor-version":[{"id":135,"href":"https:\/\/simagora.org\/index.php\/wp-json\/wp\/v2\/pages\/86\/revisions\/135"}],"wp:attachment":[{"href":"https:\/\/simagora.org\/index.php\/wp-json\/wp\/v2\/media?parent=86"}],"curies":[{"name":"wp","href":"https:\/\/api.w.org\/{rel}","templated":true}]}}